{"id":23,"date":"2025-07-17T08:34:07","date_gmt":"2025-07-17T08:34:07","guid":{"rendered":"http:\/\/azk.org.pl\/?page_id=23"},"modified":"2025-07-17T16:47:17","modified_gmt":"2025-07-17T15:47:17","slug":"misja-stowarzyszenia","status":"publish","type":"page","link":"https:\/\/azk.org.pl\/index.php\/misja-stowarzyszenia\/","title":{"rendered":"Misja stowarzyszenia"},"content":{"rendered":"\n<p><\/p>\n\n\n\n<p>Stowarzyszenie powsta\u0142o z troski o interes i dobrostan mieszka\u0144c\u00f3w osiedla Antoninek \u2013 Zieliniec \u2013 Kobylepole w Poznaniu.<\/p>\n\n\n\n<p>D\u0105\u017cymy do tego, aby nasze otoczenie pozosta\u0142o miejscem atrakcyjnym do \u017cycia \u2013 cichym, zadbanym i przyjaznym dla przyrody. Chcemy, by sprzyja\u0142o nie tylko odpoczynkowi, ale tak\u017ce aktywno\u015bciom na \u015bwie\u017cym powietrzu: spacerom, wycieczkom rowerowym i rekreacji.<\/p>\n\n\n\n<p><\/p>\n\n\n\n<p><\/p>\n\n\n\n<figure class=\"wp-block-image size-large\"><img loading=\"lazy\" decoding=\"async\" width=\"1024\" height=\"683\" src=\"http:\/\/azk.org.pl\/wp-content\/uploads\/2025\/07\/ziel-1024x683.png\" alt=\"\" class=\"wp-image-90\" srcset=\"https:\/\/azk.org.pl\/wp-content\/uploads\/2025\/07\/ziel-1024x683.png 1024w, https:\/\/azk.org.pl\/wp-content\/uploads\/2025\/07\/ziel-300x200.png 300w, https:\/\/azk.org.pl\/wp-content\/uploads\/2025\/07\/ziel-768x512.png 768w, https:\/\/azk.org.pl\/wp-content\/uploads\/2025\/07\/ziel.png 1536w\" sizes=\"auto, (max-width: 1024px) 100vw, 1024px\" \/><\/figure>\n","protected":false},"excerpt":{"rendered":"<p>Stowarzyszenie powsta\u0142o z troski o interes i dobrostan mieszka\u0144c\u00f3w osiedla Antoninek \u2013 Zieliniec \u2013 Kobylepole w Poznaniu. D\u0105\u017cymy do tego, aby nasze otoczenie pozosta\u0142o miejscem atrakcyjnym do \u017cycia \u2013 cichym, zadbanym i przyjaznym dla przyrody. Chcemy, by sprzyja\u0142o nie tylko odpoczynkowi, ale tak\u017ce aktywno\u015bciom na \u015bwie\u017cym powietrzu: spacerom, wycieczkom rowerowym i rekreacji.<\/p>\n","protected":false},"author":1,"featured_media":0,"parent":0,"menu_order":0,"comment_status":"closed","ping_status":"closed","template":"","meta":{"footnotes":""},"class_list":["post-23","page","type-page","status-publish","hentry"],"_links":{"self":[{"href":"https:\/\/azk.org.pl\/index.php\/wp-json\/wp\/v2\/pages\/23","targetHints":{"allow":["GET"]}}],"collection":[{"href":"https:\/\/azk.org.pl\/index.php\/wp-json\/wp\/v2\/pages"}],"about":[{"href":"https:\/\/azk.org.pl\/index.php\/wp-json\/wp\/v2\/types\/page"}],"author":[{"embeddable":true,"href":"https:\/\/azk.org.pl\/index.php\/wp-json\/wp\/v2\/users\/1"}],"replies":[{"embeddable":true,"href":"https:\/\/azk.org.pl\/index.php\/wp-json\/wp\/v2\/comments?post=23"}],"version-history":[{"count":4,"href":"https:\/\/azk.org.pl\/index.php\/wp-json\/wp\/v2\/pages\/23\/revisions"}],"predecessor-version":[{"id":91,"href":"https:\/\/azk.org.pl\/index.php\/wp-json\/wp\/v2\/pages\/23\/revisions\/91"}],"wp:attachment":[{"href":"https:\/\/azk.org.pl\/index.php\/wp-json\/wp\/v2\/media?parent=23"}],"curies":[{"name":"wp","href":"https:\/\/api.w.org\/{rel}","templated":true}]}}